{"id":13,"date":"2025-03-01T10:50:09","date_gmt":"2025-03-01T10:50:09","guid":{"rendered":"https:\/\/dhillswear.com\/?page_id=13"},"modified":"2025-03-18T15:13:45","modified_gmt":"2025-03-18T15:13:45","slug":"refund-returns","status":"publish","type":"page","link":"https:\/\/dhillswear.com\/es\/refund-returns\/","title":{"rendered":"Refund and Returns Policy"},"content":{"rendered":"<section class=\"section\" id=\"section_1631879034\">\n\t\t<div class=\"section-bg fill\" >\n\t\t\t\t\t\t\t\t\t\n\t\t\t\n\n\t\t<\/div>\n\n\t\t\n\n\t\t<div class=\"section-content relative\">\n\t\t\t\n<div class=\"row\"  id=\"row-2134083432\">\n\n\t<div id=\"col-297761457\" class=\"col small-12 large-12\"  >\n\t\t\t\t<div class=\"col-inner\"  >\n\t\t\t\n\t\t\t\n<p><strong>Pol\u00edtica de cambios y devoluciones<\/strong><\/p>\n<p>En Dhills queremos que est\u00e9s contento con tu compra. Si no est\u00e1s satisfecho, ofrecemos devoluciones y cambios bajo las siguientes condiciones:<\/p>\n<ul>\n<li><strong>Marco temporal:<\/strong> Dispone de 14 d\u00edas a partir de la fecha de entrega para solicitar una devoluci\u00f3n o un cambio.<\/li>\n<li><strong>Condiciones:<\/strong> Los art\u00edculos deben estar sin usar ni lavar. A ser posible, con las etiquetas puestas.<\/li>\n<li><strong>Art\u00edculos no retornables:<\/strong> Las tarjetas regalo y las piezas personalizadas son venta final.<\/li>\n<li><strong>Proceso:<\/strong> Para iniciar una devoluci\u00f3n, env\u00edenos un correo electr\u00f3nico a [return@dhillswear.com] con su n\u00famero de pedido y el motivo de la devoluci\u00f3n. Le daremos instrucciones.<\/li>\n<li><strong>Env\u00edo de devoluciones:<\/strong> Los gastos de env\u00edo de la devoluci\u00f3n corren a cargo del cliente, a menos que el art\u00edculo sea defectuoso o incorrecto.<\/li>\n<li><strong>Reembolsos:<\/strong> Una vez que recibamos e inspeccionemos el art\u00edculo, emitiremos un reembolso a su m\u00e9todo de pago original en un plazo de 7 a 10 d\u00edas laborables.<\/li>\n<\/ul>\n\t\t<\/div>\n\t\t\t\t\t<\/div>\n\n\t\n<\/div>\n\t\t<\/div>\n\n\t\t\n<style>\n#section_1631879034 {\n  padding-top: 30px;\n  padding-bottom: 30px;\n}\n<\/style>\n\t<\/section>","protected":false},"excerpt":{"rendered":"","protected":false},"author":1,"featured_media":0,"parent":0,"menu_order":0,"comment_status":"closed","ping_status":"closed","template":"","meta":{"footnotes":""},"class_list":["post-13","page","type-page","status-publish","hentry"],"_links":{"self":[{"href":"https:\/\/dhillswear.com\/es\/wp-json\/wp\/v2\/pages\/13","targetHints":{"allow":["GET"]}}],"collection":[{"href":"https:\/\/dhillswear.com\/es\/wp-json\/wp\/v2\/pages"}],"about":[{"href":"https:\/\/dhillswear.com\/es\/wp-json\/wp\/v2\/types\/page"}],"author":[{"embeddable":true,"href":"https:\/\/dhillswear.com\/es\/wp-json\/wp\/v2\/users\/1"}],"replies":[{"embeddable":true,"href":"https:\/\/dhillswear.com\/es\/wp-json\/wp\/v2\/comments?post=13"}],"version-history":[{"count":3,"href":"https:\/\/dhillswear.com\/es\/wp-json\/wp\/v2\/pages\/13\/revisions"}],"predecessor-version":[{"id":1147,"href":"https:\/\/dhillswear.com\/es\/wp-json\/wp\/v2\/pages\/13\/revisions\/1147"}],"wp:attachment":[{"href":"https:\/\/dhillswear.com\/es\/wp-json\/wp\/v2\/media?parent=13"}],"curies":[{"name":"wp","href":"https:\/\/api.w.org\/{rel}","templated":true}]}}