{"id":1326,"date":"2025-03-29T23:04:24","date_gmt":"2025-03-29T23:04:24","guid":{"rendered":"https:\/\/dhillswear.com\/?page_id=1326"},"modified":"2025-04-08T16:35:19","modified_gmt":"2025-04-08T16:35:19","slug":"about","status":"publish","type":"page","link":"https:\/\/dhillswear.com\/es\/about\/","title":{"rendered":"Sobre DHills"},"content":{"rendered":"<section class=\"section\" id=\"section_1436390640\">\n\t\t<div class=\"section-bg fill\" >\n\t\t\t\t\t\t\t\t\t\n\t\t\t\n\n\t\t<\/div>\n\n\t\t\n\n\t\t<div class=\"section-content relative\">\n\t\t\t\n<div class=\"row\" style=\"max-width:1500px\" id=\"row-1739163599\">\n\n\t<div id=\"col-1260860865\" class=\"col medium-6 small-12 large-6\"  >\n\t\t\t\t<div class=\"col-inner text-right\"  >\n\t\t\t\n\t\t\t\n\t<div id=\"gap-1425256655\" class=\"gap-element clearfix\" style=\"display:block; height:auto;\">\n\t\t\n<style>\n#gap-1425256655 {\n  padding-top: 10px;\n}\n@media (min-width:550px) {\n  #gap-1425256655 {\n    padding-top: 60px;\n  }\n}\n<\/style>\n\t<\/div>\n\t\n\t<div class=\"img has-hover hide-for-medium x md-x lg-x y md-y lg-y\" id=\"image_1866136412\">\n\t\t\t\t\t\t\t\t<div class=\"img-inner dark\" style=\"margin:0px -200px 0px 0px;\">\n\t\t\t<img loading=\"lazy\" decoding=\"async\" width=\"1100\" height=\"845\" src=\"https:\/\/dhillswear.com\/wp-content\/uploads\/2025\/04\/DHILLSWEAR-ABOUT-Background.png\" class=\"attachment-original size-original\" alt=\"\" srcset=\"https:\/\/dhillswear.com\/wp-content\/uploads\/2025\/04\/DHILLSWEAR-ABOUT-Background.png 1100w, https:\/\/dhillswear.com\/wp-content\/uploads\/2025\/04\/DHILLSWEAR-ABOUT-Background-521x400.png 521w, https:\/\/dhillswear.com\/wp-content\/uploads\/2025\/04\/DHILLSWEAR-ABOUT-Background-1041x800.png 1041w, https:\/\/dhillswear.com\/wp-content\/uploads\/2025\/04\/DHILLSWEAR-ABOUT-Background-768x590.png 768w\" sizes=\"auto, (max-width: 1100px) 100vw, 1100px\" \/>\t\t\t\t\t\t\n\t\t\t\t\t<\/div>\n\t\t\t\t\t\t\t\t\n<style>\n#image_1866136412 {\n  width: 90%;\n}\n<\/style>\n\t<\/div>\n\t\n\t<div class=\"img has-hover show-for-medium x md-x lg-x y md-y lg-y\" id=\"image_493313714\">\n\t\t\t\t\t\t\t\t<div class=\"img-inner dark\" >\n\t\t\t<img loading=\"lazy\" decoding=\"async\" width=\"1020\" height=\"784\" src=\"https:\/\/dhillswear.com\/wp-content\/uploads\/2025\/04\/DHILLSWEAR-ABOUT-Background-1041x800.jpg\" class=\"attachment-large size-large\" alt=\"\" srcset=\"https:\/\/dhillswear.com\/wp-content\/uploads\/2025\/04\/DHILLSWEAR-ABOUT-Background-1041x800.jpg 1041w, https:\/\/dhillswear.com\/wp-content\/uploads\/2025\/04\/DHILLSWEAR-ABOUT-Background-520x400.jpg 520w, https:\/\/dhillswear.com\/wp-content\/uploads\/2025\/04\/DHILLSWEAR-ABOUT-Background-768x590.jpg 768w, https:\/\/dhillswear.com\/wp-content\/uploads\/2025\/04\/DHILLSWEAR-ABOUT-Background.jpg 1500w\" sizes=\"auto, (max-width: 1020px) 100vw, 1020px\" \/>\t\t\t\t\t\t\n\t\t\t\t\t<\/div>\n\t\t\t\t\t\t\t\t\n<style>\n#image_493313714 {\n  width: 100%;\n}\n<\/style>\n\t<\/div>\n\t\n\t\t<\/div>\n\t\t\t\t\t<\/div>\n\n\t\n\n\t<div id=\"col-323625484\" class=\"col medium-6 small-12 large-6\"  >\n\t\t\t\t<div class=\"col-inner\"  >\n\t\t\t\n\t\t\t\n\t<div id=\"text-4059791684\" class=\"text\">\n\t\t\n<p><span style=\"font-family: Migha, sans-serif; font-size: 18px;\">Cada pieza comienza como una idea, cruda, sin filtrar, inquieta. Toma forma a trav\u00e9s de horas de trabajo, a trav\u00e9s de la prueba y el instinto, a trav\u00e9s del empuje y el tir\u00f3n de la creaci\u00f3n. No hay f\u00f3rmula, s\u00f3lo visi\u00f3n y manos que hacen algo real. El proceso no es perfecto, pero de eso se trata. La imperfecci\u00f3n encierra car\u00e1cter.<\/span><\/p>\n<p><span style=\"font-family: Migha, sans-serif; font-size: 18px;\">Se mueve con determinaci\u00f3n, con los m\u00fasculos en tensi\u00f3n y la mirada fija en el horizonte. El viento no lo empuja hacia atr\u00e1s, lo lleva hacia delante. Este caballo se siente libre sin vallas, sin riendas... s\u00f3lo movimiento, s\u00f3lo la necesidad de seguir adelante. Algunos intentar\u00e1n domarlo, frenarlo, obligarlo a seguir un camino que no es el suyo. Pero las cosas salvajes no se rompen. Se adaptan, perduran, se convierten en algo m\u00e1s grande que el control.<\/span><\/p>\n<p><span style=\"font-family: Migha, sans-serif; font-size: 18px;\">DHILLS existe en ese espacio de tensi\u00f3n entre el movimiento y el cambio, entre el instinto y el dise\u00f1o. No se trata de encajar en las expectativas ni de ir a lo seguro. BCN es as\u00ed. Se trata de dar forma a algo que siente bien, que habla sin intentarlo. Recuerda esa camiseta... La llevaba puesta cuando finalmente decid\u00ed dejarme llevar y seguir adelante.<\/span><\/p>\n\t\t\n<style>\n#text-4059791684 {\n  text-align: center;\n}\n<\/style>\n\t<\/div>\n\t\n\t\t<\/div>\n\t\t\t\t\t<\/div>\n\n\t\n<\/div>\n\t\t<\/div>\n\n\t\t\n<style>\n#section_1436390640 {\n  padding-top: 60px;\n  padding-bottom: 60px;\n}\n<\/style>\n\t<\/section>","protected":false},"excerpt":{"rendered":"","protected":false},"author":1,"featured_media":0,"parent":0,"menu_order":0,"comment_status":"closed","ping_status":"closed","template":"","meta":{"footnotes":""},"class_list":["post-1326","page","type-page","status-publish","hentry"],"_links":{"self":[{"href":"https:\/\/dhillswear.com\/es\/wp-json\/wp\/v2\/pages\/1326","targetHints":{"allow":["GET"]}}],"collection":[{"href":"https:\/\/dhillswear.com\/es\/wp-json\/wp\/v2\/pages"}],"about":[{"href":"https:\/\/dhillswear.com\/es\/wp-json\/wp\/v2\/types\/page"}],"author":[{"embeddable":true,"href":"https:\/\/dhillswear.com\/es\/wp-json\/wp\/v2\/users\/1"}],"replies":[{"embeddable":true,"href":"https:\/\/dhillswear.com\/es\/wp-json\/wp\/v2\/comments?post=1326"}],"version-history":[{"count":9,"href":"https:\/\/dhillswear.com\/es\/wp-json\/wp\/v2\/pages\/1326\/revisions"}],"predecessor-version":[{"id":1731,"href":"https:\/\/dhillswear.com\/es\/wp-json\/wp\/v2\/pages\/1326\/revisions\/1731"}],"wp:attachment":[{"href":"https:\/\/dhillswear.com\/es\/wp-json\/wp\/v2\/media?parent=1326"}],"curies":[{"name":"wp","href":"https:\/\/api.w.org\/{rel}","templated":true}]}}