{"id":3,"date":"2025-02-25T06:01:17","date_gmt":"2025-02-25T06:01:17","guid":{"rendered":"https:\/\/dhillswear.com\/?page_id=3"},"modified":"2025-03-18T15:14:19","modified_gmt":"2025-03-18T15:14:19","slug":"privacy-policy","status":"publish","type":"page","link":"https:\/\/dhillswear.com\/es\/privacy-policy\/","title":{"rendered":"Pol\u00edtica de privacidad"},"content":{"rendered":"<section class=\"section\" id=\"section_1817594212\">\n\t\t<div class=\"section-bg fill\" >\n\t\t\t\t\t\t\t\t\t\n\t\t\t\n\n\t\t<\/div>\n\n\t\t\n\n\t\t<div class=\"section-content relative\">\n\t\t\t\n<div class=\"row row-full-width\"  id=\"row-1589649966\">\n\n\t<div id=\"col-1457398422\" class=\"col small-12 large-12\"  >\n\t\t\t\t<div class=\"col-inner\"  >\n\t\t\t\n\t\t\t\n<p><strong>Pol\u00edtica de privacidad <\/strong><\/p>\n<p>En Dhills, su privacidad es importante para nosotros. Nos comprometemos a proteger su informaci\u00f3n personal y a ser transparentes sobre c\u00f3mo recopilamos, utilizamos y almacenamos sus datos.<\/p>\n<ul>\n<li><strong>Responsable del tratamiento:<\/strong> Dhillswear.com, Barcelona, Espa\u00f1a.<\/li>\n<li><strong>Lo que recopilamos:<\/strong> Recopilamos datos personales como su nombre, direcci\u00f3n, correo electr\u00f3nico, n\u00famero de tel\u00e9fono e informaci\u00f3n de pago cuando realiza un pedido o se suscribe a nuestro bolet\u00edn.<\/li>\n<li><strong>Por qu\u00e9 lo coleccionamos:<\/strong> Para procesar sus pedidos, proporcionarle servicio al cliente, mejorar nuestros servicios y enviarle actualizaciones (s\u00f3lo con su consentimiento).<\/li>\n<li><strong>Terceros:<\/strong> Sus datos pueden ser compartidos con servicios seguros de terceros (por ejemplo, pasarelas de pago, servicios de env\u00edo) estrictamente para el cumplimiento del pedido.<\/li>\n<li><strong>Sus derechos:<\/strong> Tiene derecho a acceder a sus datos, rectificarlos o suprimirlos en cualquier momento. P\u00f3ngase en contacto con nosotros en [info@dhillswear.com].<\/li>\n<li><strong>Seguridad:<\/strong> Utilizamos encriptaci\u00f3n SSL y servidores seguros para proteger su informaci\u00f3n.<\/li>\n<li><strong>Galletas:<\/strong> Nuestro sitio web utiliza cookies para mejorar su experiencia de navegaci\u00f3n. Puede gestionar sus preferencias de cookies a trav\u00e9s de su navegador.<\/li>\n<\/ul>\n<p>Al utilizar nuestro sitio, usted acepta esta pol\u00edtica. Nos reservamos el derecho a actualizarla cuando sea necesario.<\/p>\n\t\t<\/div>\n\t\t\t\t\t<\/div>\n\n\t\n<\/div>\n\t\t<\/div>\n\n\t\t\n<style>\n#section_1817594212 {\n  padding-top: 30px;\n  padding-bottom: 30px;\n}\n<\/style>\n\t<\/section>","protected":false},"excerpt":{"rendered":"","protected":false},"author":1,"featured_media":0,"parent":0,"menu_order":0,"comment_status":"closed","ping_status":"open","template":"","meta":{"footnotes":""},"class_list":["post-3","page","type-page","status-publish","hentry"],"_links":{"self":[{"href":"https:\/\/dhillswear.com\/es\/wp-json\/wp\/v2\/pages\/3","targetHints":{"allow":["GET"]}}],"collection":[{"href":"https:\/\/dhillswear.com\/es\/wp-json\/wp\/v2\/pages"}],"about":[{"href":"https:\/\/dhillswear.com\/es\/wp-json\/wp\/v2\/types\/page"}],"author":[{"embeddable":true,"href":"https:\/\/dhillswear.com\/es\/wp-json\/wp\/v2\/users\/1"}],"replies":[{"embeddable":true,"href":"https:\/\/dhillswear.com\/es\/wp-json\/wp\/v2\/comments?post=3"}],"version-history":[{"count":4,"href":"https:\/\/dhillswear.com\/es\/wp-json\/wp\/v2\/pages\/3\/revisions"}],"predecessor-version":[{"id":1148,"href":"https:\/\/dhillswear.com\/es\/wp-json\/wp\/v2\/pages\/3\/revisions\/1148"}],"wp:attachment":[{"href":"https:\/\/dhillswear.com\/es\/wp-json\/wp\/v2\/media?parent=3"}],"curies":[{"name":"wp","href":"https:\/\/api.w.org\/{rel}","templated":true}]}}