{"id":1308,"date":"2025-03-28T18:24:07","date_gmt":"2025-03-28T18:24:07","guid":{"rendered":"https:\/\/dhillswear.com\/?post_type=product&#038;p=1308"},"modified":"2025-04-21T21:24:14","modified_gmt":"2025-04-21T21:24:14","slug":"stars-oversized-grey-hoddie","status":"publish","type":"product","link":"https:\/\/dhillswear.com\/es\/producto\/stars-oversized-grey-hoddie\/","title":{"rendered":"Stars Oversized Grey Hoddie"},"content":{"rendered":"<p>Detalles:<br \/>\n- Algod\u00f3n de tacto suave 100%<br \/>\n- Corte normal<br \/>\n- Dise\u00f1ado e impreso en Barcelona<br \/>\n- Unisex<\/p>\n<p>Cuidado:<br \/>\nLavar en fr\u00edo, del rev\u00e9s.<br \/>\nColgar en seco para una mayor duraci\u00f3n.<br \/>\nRespeta la letra impresa, respeta el mensaje.<br \/>\nGu\u00eda: Una persona que mide 1,90 m y pesa 75 kg suele llevar una talla grande. Este producto tiene un corte holgado, por lo que te recomendamos que elijas tu talla habitual.<\/p>\n<p>*Certificaci\u00f3n Global Recycled Standard.Algod\u00f3n org\u00e1nico. La producci\u00f3n de esta prenda est\u00e1 dise\u00f1ada para reducir su impacto medioambiental.<\/p>","protected":false},"excerpt":{"rendered":"<p>Simple a primera vista, poderosa en su significado; esta sudadera con capucha es sin\u00f3nimo de acci\u00f3n y resistencia.<\/p>","protected":false},"featured_media":1309,"template":"","meta":[],"product_brand":[],"product_cat":[283],"product_tag":[515],"class_list":{"0":"post-1308","1":"product","2":"type-product","3":"status-publish","4":"has-post-thumbnail","6":"product_cat-hoodies","7":"product_tag-oversized","9":"first","10":"instock","11":"taxable","12":"shipping-taxable","13":"purchasable","14":"product-type-variable"},"_links":{"self":[{"href":"https:\/\/dhillswear.com\/es\/wp-json\/wp\/v2\/product\/1308","targetHints":{"allow":["GET"]}}],"collection":[{"href":"https:\/\/dhillswear.com\/es\/wp-json\/wp\/v2\/product"}],"about":[{"href":"https:\/\/dhillswear.com\/es\/wp-json\/wp\/v2\/types\/product"}],"wp:featuredmedia":[{"embeddable":true,"href":"https:\/\/dhillswear.com\/es\/wp-json\/wp\/v2\/media\/1309"}],"wp:attachment":[{"href":"https:\/\/dhillswear.com\/es\/wp-json\/wp\/v2\/media?parent=1308"}],"wp:term":[{"taxonomy":"product_brand","embeddable":true,"href":"https:\/\/dhillswear.com\/es\/wp-json\/wp\/v2\/product_brand?post=1308"},{"taxonomy":"product_cat","embeddable":true,"href":"https:\/\/dhillswear.com\/es\/wp-json\/wp\/v2\/product_cat?post=1308"},{"taxonomy":"product_tag","embeddable":true,"href":"https:\/\/dhillswear.com\/es\/wp-json\/wp\/v2\/product_tag?post=1308"}],"curies":[{"name":"wp","href":"https:\/\/api.w.org\/{rel}","templated":true}]}}