{"id":802,"date":"2025-03-12T18:12:44","date_gmt":"2025-03-12T18:12:44","guid":{"rendered":"https:\/\/dhillswear.com\/?post_type=product&#038;p=802"},"modified":"2025-04-21T20:30:41","modified_gmt":"2025-04-21T20:30:41","slug":"horses-life-white-tee","status":"publish","type":"product","link":"https:\/\/dhillswear.com\/es\/producto\/horses-life-white-tee\/","title":{"rendered":"Camiseta Rider Spirit"},"content":{"rendered":"<div class=\"row row-large align-equal align-center\"  id=\"row-387005112\">\n\n\t<div id=\"col-808834041\" class=\"col medium-6 small-12 large-6\"  >\n\t\t\t\t<div class=\"col-inner\"  >\n\t\t\t\n\t\t\t\n\t<div class=\"img has-hover x md-x lg-x y md-y lg-y\" id=\"image_1272805681\">\n\t\t\t\t\t\t\t\t<div class=\"img-inner dark\" >\n\t\t\t<img loading=\"lazy\" decoding=\"async\" width=\"1020\" height=\"455\" src=\"https:\/\/dhillswear.com\/wp-content\/uploads\/2025\/03\/Product-Pic-03-1-1400x624.png\" class=\"attachment-large size-large\" alt=\"\" srcset=\"https:\/\/dhillswear.com\/wp-content\/uploads\/2025\/03\/Product-Pic-03-1-1400x624.png 1400w, https:\/\/dhillswear.com\/wp-content\/uploads\/2025\/03\/Product-Pic-03-1-800x356.png 800w, https:\/\/dhillswear.com\/wp-content\/uploads\/2025\/03\/Product-Pic-03-1-768x342.png 768w, https:\/\/dhillswear.com\/wp-content\/uploads\/2025\/03\/Product-Pic-03-1-1536x684.png 1536w, https:\/\/dhillswear.com\/wp-content\/uploads\/2025\/03\/Product-Pic-03-1-1500x668.png 1500w, https:\/\/dhillswear.com\/wp-content\/uploads\/2025\/03\/Product-Pic-03-1.png 1630w\" sizes=\"auto, (max-width: 1020px) 100vw, 1020px\" \/>\t\t\t\t\t\t\n\t\t\t\t\t<\/div>\n\t\t\t\t\t\t\t\t\n<style>\n#image_1272805681 {\n  width: 96%;\n}\n<\/style>\n\t<\/div>\n\t\n\t\t<\/div>\n\t\t\t\t\t<\/div>\n\n\t\n\n\t<div id=\"col-781118832\" class=\"col medium-5 small-12 large-5\"  >\n\t\t\t\t<div class=\"col-inner text-left\"  >\n\t\t\t\n\t<div class=\"is-border\"\n\t\tstyle=\"border-radius:33px;border-width:0px 0px 0px 0px;margin:0px 0px 0px 0px;\">\n\t<\/div>\n\t\t\t\n\t<div id=\"text-3594972410\" class=\"text\">\n\t\t\n<p><strong>Detalles:<\/strong><br \/>\n- Algod\u00f3n de tacto suave 100%<br \/>\n- Corte cuadrado<br \/>\n- Dise\u00f1ado e impreso en Barcelona<br \/>\n- Unisex<\/p>\n<p><strong>Cuidado:<\/strong><br \/>\nLavar en fr\u00edo, del rev\u00e9s.<br \/>\nColgar en seco para una mayor duraci\u00f3n.<br \/>\nRespeta la letra impresa, respeta el mensaje.<br \/>\n<strong>Gu\u00eda:<\/strong> Una persona que mide 1,90 m y pesa 75 kg suele llevar una talla grande. Este producto tiene un corte holgado, por lo que te recomendamos que elijas tu talla habitual.<\/p>\n<p>*Certificaci\u00f3n Global Recycled Standard.Algod\u00f3n org\u00e1nico. La producci\u00f3n de esta prenda est\u00e1 dise\u00f1ada para reducir su impacto medioambiental.<\/p>\n\t\t\n<style>\n#text-3594972410 {\n  font-size: 0.9rem;\n  line-height: 1.5;\n  text-align: left;\n}\n<\/style>\n\t<\/div>\n\t\n\t\t<\/div>\n\t\t\t\t\n<style>\n#col-781118832 > .col-inner {\n  padding: 0px 50px 0px 0px;\n  margin: 15px 0px 0px 18px;\n}\n<\/style>\n\t<\/div>\n\n\t\n\n<style>\n#row-387005112 > .col > .col-inner {\n  padding: 0px 0px 0px 0px;\n}\n<\/style>\n<\/div>","protected":false},"excerpt":{"rendered":"<p>Atrevida e imparable; inspirada en el movimiento, la energ\u00eda y la expresi\u00f3n sin miedo. Es para quienes viven con intensidad y lideran con determinaci\u00f3n.<\/p>","protected":false},"featured_media":1237,"template":"","meta":[],"product_brand":[],"product_cat":[299],"product_tag":[515],"class_list":{"0":"post-802","1":"product","2":"type-product","3":"status-publish","4":"has-post-thumbnail","6":"product_cat-t-shirts","7":"product_tag-oversized","9":"first","10":"instock","11":"taxable","12":"shipping-taxable","13":"purchasable","14":"product-type-variable"},"_links":{"self":[{"href":"https:\/\/dhillswear.com\/es\/wp-json\/wp\/v2\/product\/802","targetHints":{"allow":["GET"]}}],"collection":[{"href":"https:\/\/dhillswear.com\/es\/wp-json\/wp\/v2\/product"}],"about":[{"href":"https:\/\/dhillswear.com\/es\/wp-json\/wp\/v2\/types\/product"}],"wp:featuredmedia":[{"embeddable":true,"href":"https:\/\/dhillswear.com\/es\/wp-json\/wp\/v2\/media\/1237"}],"wp:attachment":[{"href":"https:\/\/dhillswear.com\/es\/wp-json\/wp\/v2\/media?parent=802"}],"wp:term":[{"taxonomy":"product_brand","embeddable":true,"href":"https:\/\/dhillswear.com\/es\/wp-json\/wp\/v2\/product_brand?post=802"},{"taxonomy":"product_cat","embeddable":true,"href":"https:\/\/dhillswear.com\/es\/wp-json\/wp\/v2\/product_cat?post=802"},{"taxonomy":"product_tag","embeddable":true,"href":"https:\/\/dhillswear.com\/es\/wp-json\/wp\/v2\/product_tag?post=802"}],"curies":[{"name":"wp","href":"https:\/\/api.w.org\/{rel}","templated":true}]}}