{"id":961,"date":"2025-03-13T09:17:28","date_gmt":"2025-03-13T09:17:28","guid":{"rendered":"https:\/\/dhillswear.com\/?post_type=product&#038;p=961"},"modified":"2025-04-25T11:17:22","modified_gmt":"2025-04-25T11:17:22","slug":"polar-olive-jacket","status":"publish","type":"product","link":"https:\/\/dhillswear.com\/es\/producto\/polar-olive-jacket\/","title":{"rendered":"Chaqueta Polar Oliva"},"content":{"rendered":"<div class=\"row row-large align-equal align-center\"  id=\"row-1041572632\">\n\n\t<div id=\"col-537396163\" class=\"col medium-6 small-12 large-6\"  >\n\t\t\t\t<div class=\"col-inner\"  >\n\t\t\t\n\t\t\t\n\t<div class=\"img has-hover x md-x lg-x y md-y lg-y\" id=\"image_1693838231\">\n\t\t\t\t\t\t\t\t<div class=\"img-inner dark\" >\n\t\t\t<img loading=\"lazy\" decoding=\"async\" width=\"1020\" height=\"455\" src=\"https:\/\/dhillswear.com\/wp-content\/uploads\/2025\/03\/Product-Pic-03-1-1400x624.png\" class=\"attachment-large size-large\" alt=\"\" srcset=\"https:\/\/dhillswear.com\/wp-content\/uploads\/2025\/03\/Product-Pic-03-1-1400x624.png 1400w, https:\/\/dhillswear.com\/wp-content\/uploads\/2025\/03\/Product-Pic-03-1-800x356.png 800w, https:\/\/dhillswear.com\/wp-content\/uploads\/2025\/03\/Product-Pic-03-1-768x342.png 768w, https:\/\/dhillswear.com\/wp-content\/uploads\/2025\/03\/Product-Pic-03-1-1536x684.png 1536w, https:\/\/dhillswear.com\/wp-content\/uploads\/2025\/03\/Product-Pic-03-1-1500x668.png 1500w, https:\/\/dhillswear.com\/wp-content\/uploads\/2025\/03\/Product-Pic-03-1.png 1630w\" sizes=\"auto, (max-width: 1020px) 100vw, 1020px\" \/>\t\t\t\t\t\t\n\t\t\t\t\t<\/div>\n\t\t\t\t\t\t\t\t\n<style>\n#image_1693838231 {\n  width: 96%;\n}\n<\/style>\n\t<\/div>\n\t\n\t\t<\/div>\n\t\t\t\t\t<\/div>\n\n\t\n\n\t<div id=\"col-176721581\" class=\"col medium-5 small-12 large-5\"  >\n\t\t\t\t<div class=\"col-inner text-left\"  >\n\t\t\t\n\t<div class=\"is-border\"\n\t\tstyle=\"border-radius:33px;border-width:0px 0px 0px 0px;margin:0px 0px 0px 0px;\">\n\t<\/div>\n\t\t\t\n\t<div id=\"text-4041062605\" class=\"text\">\n\t\t\n<p>Detalles:<br \/>\n- 85% algod\u00f3n org\u00e1nico \/ 15% poli\u00e9ster reciclado<br \/>\n- Corte normal<br \/>\n- Dise\u00f1ado e impreso en Barcelona<br \/>\n- Unisex<\/p>\n<p>Cuidado:<br \/>\nLavar en fr\u00edo, del rev\u00e9s.<br \/>\nColgar en seco para una mayor duraci\u00f3n.<br \/>\nRespeta la letra impresa, respeta el mensaje.<br \/>\nGu\u00eda: Una persona que mide 1,90 m y pesa 75 kg suele llevar una talla grande. Para un look m\u00e1s oversize, considera subir una talla.<\/p>\n<p>*Certificaci\u00f3n Global Recycled Standard. La producci\u00f3n de esta prenda est\u00e1 dise\u00f1ada para reducir su impacto medioambiental.<\/p>\n\t\t\n<style>\n#text-4041062605 {\n  font-size: 0.9rem;\n  line-height: 1.5;\n  text-align: left;\n}\n<\/style>\n\t<\/div>\n\t\n\t\t<\/div>\n\t\t\t\t\n<style>\n#col-176721581 > .col-inner {\n  padding: 0px 50px 0px 0px;\n  margin: 15px 0px 0px 18px;\n}\n<\/style>\n\t<\/div>\n\n\t\n\n<style>\n#row-1041572632 > .col > .col-inner {\n  padding: 0px 0px 0px 0px;\n}\n<\/style>\n<\/div>","protected":false},"excerpt":{"rendered":"<p>Dise\u00f1o minimalista con una identidad audaz, discreta de lejos, n\u00edtida de cerca.<\/p>","protected":false},"featured_media":1916,"template":"","meta":[],"product_brand":[],"product_cat":[287],"product_tag":[511],"class_list":{"0":"post-961","1":"product","2":"type-product","3":"status-publish","4":"has-post-thumbnail","6":"product_cat-jackets","7":"product_tag-regular","9":"first","10":"instock","11":"taxable","12":"shipping-taxable","13":"purchasable","14":"product-type-variable"},"_links":{"self":[{"href":"https:\/\/dhillswear.com\/es\/wp-json\/wp\/v2\/product\/961","targetHints":{"allow":["GET"]}}],"collection":[{"href":"https:\/\/dhillswear.com\/es\/wp-json\/wp\/v2\/product"}],"about":[{"href":"https:\/\/dhillswear.com\/es\/wp-json\/wp\/v2\/types\/product"}],"wp:featuredmedia":[{"embeddable":true,"href":"https:\/\/dhillswear.com\/es\/wp-json\/wp\/v2\/media\/1916"}],"wp:attachment":[{"href":"https:\/\/dhillswear.com\/es\/wp-json\/wp\/v2\/media?parent=961"}],"wp:term":[{"taxonomy":"product_brand","embeddable":true,"href":"https:\/\/dhillswear.com\/es\/wp-json\/wp\/v2\/product_brand?post=961"},{"taxonomy":"product_cat","embeddable":true,"href":"https:\/\/dhillswear.com\/es\/wp-json\/wp\/v2\/product_cat?post=961"},{"taxonomy":"product_tag","embeddable":true,"href":"https:\/\/dhillswear.com\/es\/wp-json\/wp\/v2\/product_tag?post=961"}],"curies":[{"name":"wp","href":"https:\/\/api.w.org\/{rel}","templated":true}]}}